{"id":1901,"date":"2021-02-23T18:17:27","date_gmt":"2021-02-23T17:17:27","guid":{"rendered":"http:\/\/p7.edu.gdynia.pl\/?page_id=1901"},"modified":"2025-01-16T11:43:24","modified_gmt":"2025-01-16T10:43:24","slug":"rada-rodzicow","status":"publish","type":"page","link":"https:\/\/p7gdynia.pl\/?page_id=1901","title":{"rendered":"Rada Rodzic\u00f3w"},"content":{"rendered":"\t\t<div data-elementor-type=\"wp-post\" data-elementor-id=\"1901\" class=\"elementor elementor-1901\">\n\t\t\t\t\t\t<section class=\"elementor-section elementor-top-section elementor-element elementor-element-4a7f4ea elementor-section-boxed elementor-section-height-default elementor-section-height-default\" data-id=\"4a7f4ea\" data-element_type=\"section\" data-e-type=\"section\">\n\t\t\t\t\t\t<div class=\"elementor-container elementor-column-gap-default\">\n\t\t\t\t\t<div class=\"elementor-column elementor-col-100 elementor-top-column elementor-element elementor-element-b0fd0c5\" data-id=\"b0fd0c5\" data-element_type=\"column\" data-e-type=\"column\">\n\t\t\t<div class=\"elementor-widget-wrap elementor-element-populated\">\n\t\t\t\t\t\t<div class=\"elementor-element elementor-element-6e8bfb0 elementor-widget elementor-widget-text-editor\" data-id=\"6e8bfb0\" data-element_type=\"widget\" data-e-type=\"widget\" data-widget_type=\"text-editor.default\">\n\t\t\t\t<div class=\"elementor-widget-container\">\n\t\t\t\t\t\t\t\t\t<p>DZIE\u0143 EDUKACJI NARODOWEJ<\/p>\t\t\t\t\t\t\t\t<\/div>\n\t\t\t\t<\/div>\n\t\t\t\t<div class=\"elementor-element elementor-element-16e749e elementor-widget elementor-widget-text-editor\" data-id=\"16e749e\" data-element_type=\"widget\" data-e-type=\"widget\" data-widget_type=\"text-editor.default\">\n\t\t\t\t<div class=\"elementor-widget-container\">\n\t\t\t\t\t\t\t\t\t<p><\/p>\n<p><em>Szanowni nauczyciele i pracownicy<\/em><\/p>\n<p><em>\u00a0<\/em><\/p>\n<p><em>Z okazji Dnia Edukacji Narodowej sk\u0142adamy Pa\u0144stwu najserdeczniejsze \u017cyczenia wszelakiej pomy\u015blno\u015bci. Dzi\u0119kujemy za trud i po\u015bwi\u0119cenie, wykazane ka\u017cdego dnia w odpowiedzialnej i nie\u0142atwej pracy z dzie\u0107mi. \u017byczymy, aby praca, kt\u00f3ra Pa\u0144stwo wykonujecie by\u0142a otoczona szacunkiem, uznaniem i \u017cyczliwo\u015bci\u0105 uczni\u00f3w i ich rodzic\u00f3w. W \u017cyciu osobistym \u017cyczymy wszelakiej pomy\u015blno\u015bci i spe\u0142nienia marze\u0144.<\/em><\/p>\n<p><em>\u00a0<\/em><\/p>\n<p><em>\u00a0\u00a0\u00a0\u00a0\u00a0\u00a0\u00a0\u00a0\u00a0\u00a0\u00a0\u00a0\u00a0\u00a0\u00a0\u00a0\u00a0\u00a0\u00a0\u00a0\u00a0\u00a0\u00a0\u00a0\u00a0\u00a0\u00a0\u00a0\u00a0\u00a0\u00a0\u00a0\u00a0\u00a0\u00a0\u00a0\u00a0\u00a0\u00a0\u00a0\u00a0\u00a0\u00a0\u00a0\u00a0\u00a0\u00a0\u00a0\u00a0\u00a0\u00a0\u00a0\u00a0\u00a0\u00a0\u00a0\u00a0\u00a0\u00a0\u00a0\u00a0\u00a0\u00a0\u00a0\u00a0\u00a0\u00a0\u00a0\u00a0\u00a0 Rodzice i opiekunowie <\/em><\/p>\n<p><em>\u00a0<\/em><\/p>\n<p><\/p>\t\t\t\t\t\t\t\t<\/div>\n\t\t\t\t<\/div>\n\t\t\t\t<div class=\"elementor-element elementor-element-d22891e elementor-widget elementor-widget-image\" data-id=\"d22891e\" data-element_type=\"widget\" data-e-type=\"widget\" data-widget_type=\"image.default\">\n\t\t\t\t<div class=\"elementor-widget-container\">\n\t\t\t\t\t\t\t\t\t\t\t\t\t\t\t<img fetchpriority=\"high\" decoding=\"async\" width=\"750\" height=\"1003\" src=\"https:\/\/p7gdynia.pl\/wp-content\/uploads\/IMG-20211013-WA0001-768x1027.jpg\" class=\"attachment-medium_large size-medium_large wp-image-2076\" alt=\"\" srcset=\"https:\/\/p7gdynia.pl\/wp-content\/uploads\/IMG-20211013-WA0001-768x1027.jpg 768w, https:\/\/p7gdynia.pl\/wp-content\/uploads\/IMG-20211013-WA0001-224x300.jpg 224w, https:\/\/p7gdynia.pl\/wp-content\/uploads\/IMG-20211013-WA0001-766x1024.jpg 766w, https:\/\/p7gdynia.pl\/wp-content\/uploads\/IMG-20211013-WA0001.jpg 1532w\" sizes=\"(max-width: 750px) 100vw, 750px\" \/>\t\t\t\t\t\t\t\t\t\t\t\t\t\t\t<\/div>\n\t\t\t\t<\/div>\n\t\t\t\t\t<\/div>\n\t\t<\/div>\n\t\t\t\t\t<\/div>\n\t\t<\/section>\n\t\t\t\t<section class=\"elementor-section elementor-top-section elementor-element elementor-element-28578de elementor-section-boxed elementor-section-height-default elementor-section-height-default\" data-id=\"28578de\" data-element_type=\"section\" data-e-type=\"section\">\n\t\t\t\t\t\t<div class=\"elementor-container elementor-column-gap-default\">\n\t\t\t\t\t<div class=\"elementor-column elementor-col-100 elementor-top-column elementor-element elementor-element-9c320db\" data-id=\"9c320db\" data-element_type=\"column\" data-e-type=\"column\">\n\t\t\t<div class=\"elementor-widget-wrap elementor-element-populated\">\n\t\t\t\t\t\t<div class=\"elementor-element elementor-element-d118eac elementor-widget elementor-widget-image\" data-id=\"d118eac\" data-element_type=\"widget\" data-e-type=\"widget\" data-widget_type=\"image.default\">\n\t\t\t\t<div class=\"elementor-widget-container\">\n\t\t\t\t\t\t\t\t\t\t\t\t\t\t\t<img decoding=\"async\" width=\"750\" height=\"1003\" src=\"https:\/\/p7gdynia.pl\/wp-content\/uploads\/IMG-20211013-WA0000-1-768x1027.jpg\" class=\"attachment-medium_large size-medium_large wp-image-2077\" alt=\"\" srcset=\"https:\/\/p7gdynia.pl\/wp-content\/uploads\/IMG-20211013-WA0000-1-768x1027.jpg 768w, https:\/\/p7gdynia.pl\/wp-content\/uploads\/IMG-20211013-WA0000-1-224x300.jpg 224w, https:\/\/p7gdynia.pl\/wp-content\/uploads\/IMG-20211013-WA0000-1-766x1024.jpg 766w, https:\/\/p7gdynia.pl\/wp-content\/uploads\/IMG-20211013-WA0000-1.jpg 1532w\" sizes=\"(max-width: 750px) 100vw, 750px\" \/>\t\t\t\t\t\t\t\t\t\t\t\t\t\t\t<\/div>\n\t\t\t\t<\/div>\n\t\t\t\t\t<\/div>\n\t\t<\/div>\n\t\t\t\t\t<\/div>\n\t\t<\/section>\n\t\t\t\t<section class=\"elementor-section elementor-top-section elementor-element elementor-element-4102554 elementor-section-boxed elementor-section-height-default elementor-section-height-default\" data-id=\"4102554\" data-element_type=\"section\" data-e-type=\"section\">\n\t\t\t\t\t\t<div class=\"elementor-container elementor-column-gap-default\">\n\t\t\t\t\t<div class=\"elementor-column elementor-col-100 elementor-top-column elementor-element elementor-element-eb97065\" data-id=\"eb97065\" data-element_type=\"column\" data-e-type=\"column\">\n\t\t\t<div class=\"elementor-widget-wrap elementor-element-populated\">\n\t\t\t\t\t\t<div class=\"elementor-element elementor-element-c95254c elementor-widget elementor-widget-spacer\" data-id=\"c95254c\" data-element_type=\"widget\" data-e-type=\"widget\" data-widget_type=\"spacer.default\">\n\t\t\t\t<div class=\"elementor-widget-container\">\n\t\t\t\t\t\t\t<div class=\"elementor-spacer\">\n\t\t\t<div class=\"elementor-spacer-inner\"><\/div>\n\t\t<\/div>\n\t\t\t\t\t\t<\/div>\n\t\t\t\t<\/div>\n\t\t\t\t\t<\/div>\n\t\t<\/div>\n\t\t\t\t\t<\/div>\n\t\t<\/section>\n\t\t\t\t<section class=\"elementor-section elementor-top-section elementor-element elementor-element-63f189b elementor-section-boxed elementor-section-height-default elementor-section-height-default\" data-id=\"63f189b\" data-element_type=\"section\" data-e-type=\"section\">\n\t\t\t\t\t\t<div class=\"elementor-container elementor-column-gap-default\">\n\t\t\t\t\t<div class=\"elementor-column elementor-col-100 elementor-top-column elementor-element elementor-element-748737f\" data-id=\"748737f\" data-element_type=\"column\" data-e-type=\"column\">\n\t\t\t<div class=\"elementor-widget-wrap elementor-element-populated\">\n\t\t\t\t\t\t<div class=\"elementor-element elementor-element-be637b5 elementor-widget elementor-widget-spacer\" data-id=\"be637b5\" data-element_type=\"widget\" data-e-type=\"widget\" data-widget_type=\"spacer.default\">\n\t\t\t\t<div class=\"elementor-widget-container\">\n\t\t\t\t\t\t\t<div class=\"elementor-spacer\">\n\t\t\t<div class=\"elementor-spacer-inner\"><\/div>\n\t\t<\/div>\n\t\t\t\t\t\t<\/div>\n\t\t\t\t<\/div>\n\t\t\t\t\t<\/div>\n\t\t<\/div>\n\t\t\t\t\t<\/div>\n\t\t<\/section>\n\t\t\t\t<section class=\"elementor-section elementor-top-section elementor-element elementor-element-c734b47 elementor-section-boxed elementor-section-height-default elementor-section-height-default\" data-id=\"c734b47\" data-element_type=\"section\" data-e-type=\"section\">\n\t\t\t\t\t\t<div class=\"elementor-container elementor-column-gap-default\">\n\t\t\t\t\t<div class=\"elementor-column elementor-col-100 elementor-top-column elementor-element elementor-element-1dea8bf\" data-id=\"1dea8bf\" data-element_type=\"column\" data-e-type=\"column\">\n\t\t\t<div class=\"elementor-widget-wrap elementor-element-populated\">\n\t\t\t\t\t\t<div class=\"elementor-element elementor-element-6f86a76 elementor-widget elementor-widget-text-editor\" data-id=\"6f86a76\" data-element_type=\"widget\" data-e-type=\"widget\" data-widget_type=\"text-editor.default\">\n\t\t\t\t<div class=\"elementor-widget-container\">\n\t\t\t\t\t\t\t\t\t<p><strong><img decoding=\"async\" src=\"http:\/\/www.cityit.hostilla.pl\/p7\/wp-content\/uploads\/rada-rodzicow-69396-1-300x200.jpg\" alt=\"\" width=\"300\" height=\"200\" class=\"alignnone size-medium wp-image-2058\" srcset=\"https:\/\/p7gdynia.pl\/wp-content\/uploads\/rada-rodzicow-69396-1-300x200.jpg 300w, https:\/\/p7gdynia.pl\/wp-content\/uploads\/rada-rodzicow-69396-1-768x513.jpg 768w, https:\/\/p7gdynia.pl\/wp-content\/uploads\/rada-rodzicow-69396-1-360x240.jpg 360w, https:\/\/p7gdynia.pl\/wp-content\/uploads\/rada-rodzicow-69396-1.jpg 960w\" sizes=\"(max-width: 300px) 100vw, 300px\" \/><\/strong><\/p>\n<p><strong>INFORMACJE OD RADY RODZIC\u00d3W:<\/strong><\/p>\n<p>Dnia 23 wrze\u015bnia 2021 r. odby\u0142o si\u0119 zebranie RR w sk\u0142adnie: Dorota Ciskowska, Ma\u0142gorzata Konieczna, Patrycja \u017babi\u0144ska-Koz\u0142owska, Anna W\u0142och, Dorota Mor, Anna Ziemli\u0144ska<\/p>\n<p>Na spotkaniu wsp\u00f3lnie wybrano:<\/p>\n<p>Dorot\u0119 Ciskowsk\u0105, jako przewodnicz\u0105cego RR;<\/p>\n<p>Patrycje \u017babi\u0144ska-Koz\u0142owsk\u0105, jako zast\u0119pc\u0119 przewodnicz\u0105cego RR;<\/p>\n<p>Ma\u0142gorzat\u0119 Konieczna, jako skarbnika RR;<\/p>\n<p>sekretarz \u2013 Anna Ziemli\u0144ska.<\/p>\n<p><\/p>\n<p><strong>Przedyskutowano i ustalono wysoko\u015b\u0107 sk\u0142adki na RR:<\/strong><\/p>\n<p>1 dziecko &#8211; 180zl za rok<\/p>\n<p>2 dzieci &#8211; 280 za rok<\/p>\n<p>3 dzieci &#8211; 330 za rok<\/p>\n<p>P\u0142atno\u015b\u0107 nale\u017cy dokona\u0107 w ca\u0142o\u015bci albo w dw\u00f3ch ratach. Pierwsza rata p\u0142atna do 15 listopada 2021, druga rata p\u0142atna do 31.01.2022.<\/p>\n<p><\/p>\n<p><strong>Dzi\u0119ki sk\u0142adkom RR ustalili\u015bmy poni\u017csze cele do realizacji:<\/strong><\/p>\n<p>&#8211; nagrodzenie upominkami wychowawc\u00f3w w Dniu O\u015bwiaty 14 wrze\u015bnia;<\/p>\n<p>&#8211; zakup prezent\u00f3w dla dzieci z okazji \u015bwi\u0105t Bo\u017cego Narodzenia oraz Wielkanocy;<\/p>\n<p>&#8211; sfinansowanie balu Karnawa\u0142owego dla wszystkich grup przedszkolnych (I-VI);<\/p>\n<p>&#8211; sfinansowanie zaj\u0119\u0107 rytmiki dla wszystkich grup przedszkolnych (I-VI je\u015bli obostrzenia pandemiczne pozwol\u0105 na realizacj\u0119);<\/p>\n<p>&#8211; sfinansowanie teatrzyk\u00f3w dla wszystkich grup przedszkolnych (I-VIje\u015bli obostrzenia pandemiczne pozwol\u0105 na realizacj\u0119);<\/p>\n<p>&#8211; sfinansowanie autokar\u00f3w szkolnych na wycieczki dla ka\u017cdej z grup(je\u015bli obostrzenia pandemiczne pozwol\u0105 na realizacj\u0119);<\/p>\n<p>&#8211; sfinansowanie \u015brodk\u00f3w dydaktycznych dla ka\u017cdej z grup (wg. zapotrzebowania i sugestii wychowawc\u00f3w);<\/p>\n<p>&#8211; zorganizowanie kiermaszu wiosennego;<\/p>\n<p>&#8211; zorganizowanie festynu z okazji dnia dziecka;<\/p>\n<p>&#8211; sfinansowanie zako\u0144czenia ostatniego roku oraz upomink\u00f3w dla przedszkolak\u00f3w opuszczaj\u0105cych nasze przedszkole;<\/p>\n<p>&#8211; dora\u017ana pomoc finansowa dla przedszkola w przypadku nag\u0142ych i pilnych napraw niemog\u0105cych by\u0107 sfinansowanych przez gmin\u0119;<\/p>\n<p><\/p>\n<p><strong>Najistotniejsze koszty RR w roku szkolnym 2019\/20:<\/strong><\/p>\n<p>&#8211; dofinansowanie nowej pod\u0142ogi na 1 pi\u0119trze, koszt 8000 z\u0142;<\/p>\n<p>&#8211; Instrumenty muzyczne dla przedszkola, koszt 2567,50 z\u0142;<\/p>\n<p>&#8211; Miko\u0142ajki, koszt 3000 z\u0142;<\/p>\n<p>&#8211; Zaj\u0105c, koszt 2500z\u0142;<\/p>\n<p>&#8211; zako\u0144czenie roku grupa Foki, Rekiny i Delfiny (odchodz\u0105ce do zer\u00f3wki), koszt 1414 z\u0142;<\/p>\n<p>&#8211; Dzie\u0144 dziecka, koszt 1488 z\u0142.<\/p>\t\t\t\t\t\t\t\t<\/div>\n\t\t\t\t<\/div>\n\t\t\t\t\t<\/div>\n\t\t<\/div>\n\t\t\t\t\t<\/div>\n\t\t<\/section>\n\t\t\t\t<section class=\"elementor-section elementor-top-section elementor-element elementor-element-8062bd7 elementor-section-boxed elementor-section-height-default elementor-section-height-default\" data-id=\"8062bd7\" data-element_type=\"section\" data-e-type=\"section\">\n\t\t\t\t\t\t<div class=\"elementor-container elementor-column-gap-default\">\n\t\t\t\t\t<div class=\"elementor-column elementor-col-100 elementor-top-column elementor-element elementor-element-113ad6e\" data-id=\"113ad6e\" data-element_type=\"column\" data-e-type=\"column\">\n\t\t\t<div class=\"elementor-widget-wrap elementor-element-populated\">\n\t\t\t\t\t\t<div class=\"elementor-element elementor-element-5df97d9 elementor-widget elementor-widget-spacer\" data-id=\"5df97d9\" data-element_type=\"widget\" data-e-type=\"widget\" data-widget_type=\"spacer.default\">\n\t\t\t\t<div class=\"elementor-widget-container\">\n\t\t\t\t\t\t\t<div class=\"elementor-spacer\">\n\t\t\t<div class=\"elementor-spacer-inner\"><\/div>\n\t\t<\/div>\n\t\t\t\t\t\t<\/div>\n\t\t\t\t<\/div>\n\t\t\t\t\t<\/div>\n\t\t<\/div>\n\t\t\t\t\t<\/div>\n\t\t<\/section>\n\t\t\t\t<section class=\"elementor-section elementor-top-section elementor-element elementor-element-a07abf2 elementor-section-boxed elementor-section-height-default elementor-section-height-default\" data-id=\"a07abf2\" data-element_type=\"section\" data-e-type=\"section\">\n\t\t\t\t\t\t<div class=\"elementor-container elementor-column-gap-default\">\n\t\t\t\t\t<div class=\"elementor-column elementor-col-100 elementor-top-column elementor-element elementor-element-3e089c1a\" data-id=\"3e089c1a\" data-element_type=\"column\" data-e-type=\"column\">\n\t\t\t<div class=\"elementor-widget-wrap elementor-element-populated\">\n\t\t\t\t\t\t<div class=\"elementor-element elementor-element-6d1e9599 elementor-widget elementor-widget-text-editor\" data-id=\"6d1e9599\" data-element_type=\"widget\" data-e-type=\"widget\" data-widget_type=\"text-editor.default\">\n\t\t\t\t<div class=\"elementor-widget-container\">\n\t\t\t\t\t\t\t\t\t\n<p>Dzi\u0119ki uprzejmo\u015bci Rady Rodzic\u00f3w weszli\u015bmy w posiadanie ksi\u0105\u017cek, wspieraj\u0105cych rozw\u00f3j emocjonalny dzieci. Grupa &#8222;Rybki&#8221; ju\u017c skorzysta\u0142a z jednej z nich przy okazji zaj\u0119\u0107 o emocjach. Aktualnie nauczycielka czyta dzieciom ca\u0142\u0105 ksi\u0105\u017ck\u0119 przed odpoczynkiem. Dzi\u0119kujemy!<\/p>\n\n\n\n<ul class=\"wp-block-gallery columns-3 is-cropped wp-block-gallery-2 is-layout-flex wp-block-gallery-is-layout-flex\"><li class=\"blocks-gallery-item\"><figure><img loading=\"lazy\" decoding=\"async\" width=\"1024\" height=\"1024\" src=\"http:\/\/www.cityit.hostilla.pl\/p7\/wp-content\/uploads\/151194605_442036440445200_6716362229053203826_n-1024x1024.jpg\" alt=\"\" data-id=\"1906\" data-link=\"http:\/\/www.cityit.hostilla.pl\/p7\/index.php\/rada-rodzicow\/151194605_442036440445200_6716362229053203826_n\/\" class=\"wp-image-1906\" srcset=\"https:\/\/p7gdynia.pl\/wp-content\/uploads\/151194605_442036440445200_6716362229053203826_n-1024x1024.jpg 1024w, https:\/\/p7gdynia.pl\/wp-content\/uploads\/151194605_442036440445200_6716362229053203826_n-150x150.jpg 150w, https:\/\/p7gdynia.pl\/wp-content\/uploads\/151194605_442036440445200_6716362229053203826_n-300x300.jpg 300w, https:\/\/p7gdynia.pl\/wp-content\/uploads\/151194605_442036440445200_6716362229053203826_n-768x768.jpg 768w, https:\/\/p7gdynia.pl\/wp-content\/uploads\/151194605_442036440445200_6716362229053203826_n.jpg 2048w\" sizes=\"(max-width: 1024px) 100vw, 1024px\" \/><\/figure><\/li><li class=\"blocks-gallery-item\"><figure><img loading=\"lazy\" decoding=\"async\" width=\"1024\" height=\"1024\" src=\"http:\/\/www.cityit.hostilla.pl\/p7\/wp-content\/uploads\/151198779_3018983018345076_1157021043365264766_n-1024x1024.jpg\" alt=\"\" data-id=\"1907\" data-link=\"http:\/\/www.cityit.hostilla.pl\/p7\/index.php\/rada-rodzicow\/151198779_3018983018345076_1157021043365264766_n\/\" class=\"wp-image-1907\" srcset=\"https:\/\/p7gdynia.pl\/wp-content\/uploads\/151198779_3018983018345076_1157021043365264766_n-1024x1024.jpg 1024w, https:\/\/p7gdynia.pl\/wp-content\/uploads\/151198779_3018983018345076_1157021043365264766_n-150x150.jpg 150w, https:\/\/p7gdynia.pl\/wp-content\/uploads\/151198779_3018983018345076_1157021043365264766_n-300x300.jpg 300w, https:\/\/p7gdynia.pl\/wp-content\/uploads\/151198779_3018983018345076_1157021043365264766_n-768x768.jpg 768w, https:\/\/p7gdynia.pl\/wp-content\/uploads\/151198779_3018983018345076_1157021043365264766_n.jpg 2048w\" sizes=\"(max-width: 1024px) 100vw, 1024px\" \/><\/figure><\/li><li class=\"blocks-gallery-item\"><figure><img loading=\"lazy\" decoding=\"async\" width=\"1024\" height=\"1024\" src=\"http:\/\/www.cityit.hostilla.pl\/p7\/wp-content\/uploads\/151348800_427523778529289_8055237149678227803_n-1024x1024.jpg\" alt=\"\" data-id=\"1908\" data-link=\"http:\/\/www.cityit.hostilla.pl\/p7\/index.php\/rada-rodzicow\/151348800_427523778529289_8055237149678227803_n\/\" class=\"wp-image-1908\" srcset=\"https:\/\/p7gdynia.pl\/wp-content\/uploads\/151348800_427523778529289_8055237149678227803_n-1024x1024.jpg 1024w, https:\/\/p7gdynia.pl\/wp-content\/uploads\/151348800_427523778529289_8055237149678227803_n-150x150.jpg 150w, https:\/\/p7gdynia.pl\/wp-content\/uploads\/151348800_427523778529289_8055237149678227803_n-300x300.jpg 300w, https:\/\/p7gdynia.pl\/wp-content\/uploads\/151348800_427523778529289_8055237149678227803_n-768x768.jpg 768w, https:\/\/p7gdynia.pl\/wp-content\/uploads\/151348800_427523778529289_8055237149678227803_n.jpg 2048w\" sizes=\"(max-width: 1024px) 100vw, 1024px\" \/><\/figure><\/li><li class=\"blocks-gallery-item\"><figure><img loading=\"lazy\" decoding=\"async\" width=\"1024\" height=\"1024\" src=\"http:\/\/www.cityit.hostilla.pl\/p7\/wp-content\/uploads\/151405667_447237449801851_177306868578801448_n-1024x1024.jpg\" alt=\"\" data-id=\"1909\" data-link=\"http:\/\/www.cityit.hostilla.pl\/p7\/index.php\/rada-rodzicow\/151405667_447237449801851_177306868578801448_n\/\" class=\"wp-image-1909\" srcset=\"https:\/\/p7gdynia.pl\/wp-content\/uploads\/151405667_447237449801851_177306868578801448_n-1024x1024.jpg 1024w, https:\/\/p7gdynia.pl\/wp-content\/uploads\/151405667_447237449801851_177306868578801448_n-150x150.jpg 150w, https:\/\/p7gdynia.pl\/wp-content\/uploads\/151405667_447237449801851_177306868578801448_n-300x300.jpg 300w, https:\/\/p7gdynia.pl\/wp-content\/uploads\/151405667_447237449801851_177306868578801448_n-768x768.jpg 768w, https:\/\/p7gdynia.pl\/wp-content\/uploads\/151405667_447237449801851_177306868578801448_n.jpg 2048w\" sizes=\"(max-width: 1024px) 100vw, 1024px\" \/><\/figure><\/li><li class=\"blocks-gallery-item\"><figure><img loading=\"lazy\" decoding=\"async\" width=\"1024\" height=\"1024\" src=\"http:\/\/www.cityit.hostilla.pl\/p7\/wp-content\/uploads\/151585123_183455913148834_5012386211479861716_n-1024x1024.jpg\" alt=\"\" data-id=\"1910\" data-link=\"http:\/\/www.cityit.hostilla.pl\/p7\/index.php\/rada-rodzicow\/151585123_183455913148834_5012386211479861716_n\/\" class=\"wp-image-1910\" srcset=\"https:\/\/p7gdynia.pl\/wp-content\/uploads\/151585123_183455913148834_5012386211479861716_n-1024x1024.jpg 1024w, https:\/\/p7gdynia.pl\/wp-content\/uploads\/151585123_183455913148834_5012386211479861716_n-150x150.jpg 150w, https:\/\/p7gdynia.pl\/wp-content\/uploads\/151585123_183455913148834_5012386211479861716_n-300x300.jpg 300w, https:\/\/p7gdynia.pl\/wp-content\/uploads\/151585123_183455913148834_5012386211479861716_n-768x768.jpg 768w, https:\/\/p7gdynia.pl\/wp-content\/uploads\/151585123_183455913148834_5012386211479861716_n.jpg 2048w\" sizes=\"(max-width: 1024px) 100vw, 1024px\" \/><\/figure><\/li><li class=\"blocks-gallery-item\"><figure><img loading=\"lazy\" decoding=\"async\" width=\"1024\" height=\"576\" src=\"http:\/\/www.cityit.hostilla.pl\/p7\/wp-content\/uploads\/20210215_130336-1024x576.jpg\" alt=\"\" data-id=\"1911\" data-link=\"http:\/\/www.cityit.hostilla.pl\/p7\/index.php\/rada-rodzicow\/20210215_130336\/\" class=\"wp-image-1911\" srcset=\"https:\/\/p7gdynia.pl\/wp-content\/uploads\/20210215_130336-1024x576.jpg 1024w, https:\/\/p7gdynia.pl\/wp-content\/uploads\/20210215_130336-300x169.jpg 300w, https:\/\/p7gdynia.pl\/wp-content\/uploads\/20210215_130336-768x432.jpg 768w\" sizes=\"(max-width: 1024px) 100vw, 1024px\" \/><\/figure><\/li><\/ul>\n\n\n\n<p> <\/p>\n\t\t\t\t\t\t\t\t<\/div>\n\t\t\t\t<\/div>\n\t\t\t\t\t<\/div>\n\t\t<\/div>\n\t\t\t\t\t<\/div>\n\t\t<\/section>\n\t\t\t\t<\/div>\n\t\t","protected":false},"excerpt":{"rendered":"<p>DZIE\u0143 EDUKACJI NARODOWEJ Szanowni nauczyciele i pracownicy \u00a0 Z okazji Dnia Edukacji Narodowej sk\u0142adamy Pa\u0144stwu najserdeczniejsze \u017cyczenia wszelakiej pomy\u015blno\u015bci. Dzi\u0119kujemy za trud i po\u015bwi\u0119cenie, wykazane ka\u017cdego dnia w odpowiedzialnej i nie\u0142atwej pracy z dzie\u0107mi. \u017byczymy, aby praca, kt\u00f3ra Pa\u0144stwo wykonujecie by\u0142a otoczona szacunkiem, uznaniem i \u017cyczliwo\u015bci\u0105 uczni\u00f3w i ich rodzic\u00f3w. [&hellip;]<\/p>\n","protected":false},"author":1,"featured_media":0,"parent":0,"menu_order":0,"comment_status":"closed","ping_status":"closed","template":"","meta":{"ngg_post_thumbnail":0,"footnotes":""},"class_list":["post-1901","page","type-page","status-publish","hentry"],"_links":{"self":[{"href":"https:\/\/p7gdynia.pl\/index.php?rest_route=\/wp\/v2\/pages\/1901","targetHints":{"allow":["GET"]}}],"collection":[{"href":"https:\/\/p7gdynia.pl\/index.php?rest_route=\/wp\/v2\/pages"}],"about":[{"href":"https:\/\/p7gdynia.pl\/index.php?rest_route=\/wp\/v2\/types\/page"}],"author":[{"embeddable":true,"href":"https:\/\/p7gdynia.pl\/index.php?rest_route=\/wp\/v2\/users\/1"}],"replies":[{"embeddable":true,"href":"https:\/\/p7gdynia.pl\/index.php?rest_route=%2Fwp%2Fv2%2Fcomments&post=1901"}],"version-history":[{"count":13,"href":"https:\/\/p7gdynia.pl\/index.php?rest_route=\/wp\/v2\/pages\/1901\/revisions"}],"predecessor-version":[{"id":2459,"href":"https:\/\/p7gdynia.pl\/index.php?rest_route=\/wp\/v2\/pages\/1901\/revisions\/2459"}],"wp:attachment":[{"href":"https:\/\/p7gdynia.pl\/index.php?rest_route=%2Fwp%2Fv2%2Fmedia&parent=1901"}],"curies":[{"name":"wp","href":"https:\/\/api.w.org\/{rel}","templated":true}]}}